{"id":1638,"date":"2019-12-01T14:47:16","date_gmt":"2019-12-01T13:47:16","guid":{"rendered":"https:\/\/www.sps.at\/de\/niederdruck-giessanlagen\/"},"modified":"2019-12-12T14:16:54","modified_gmt":"2019-12-12T13:16:54","slug":"niederdruck-giessanlagen","status":"publish","type":"page","link":"https:\/\/www.sps.at\/de\/niederdruck-giessanlagen\/","title":{"rendered":"Niederdruck Gie\u00dfanlagen:"},"content":{"rendered":"<p>Niederdruckgie\u00dfanlagen speziell auf Kundenw\u00fcnsche gefertigt.<\/p>\n","protected":false},"excerpt":{"rendered":"<p>Niederdruckgie\u00dfanlagen speziell auf Kundenw\u00fcnsche gefertigt.<\/p>\n","protected":false},"author":2,"featured_media":0,"parent":0,"menu_order":0,"comment_status":"open","ping_status":"open","template":"","meta":{"neve_meta_sidebar":"","neve_meta_container":"","neve_meta_enable_content_width":"","neve_meta_content_width":0,"neve_meta_title_alignment":"","neve_meta_author_avatar":"","neve_post_elements_order":"","neve_meta_disable_header":"","neve_meta_disable_footer":"","neve_meta_disable_title":"","footnotes":""},"yoast_head":"<!-- This site is optimized with the Yoast SEO plugin v22.9 - https:\/\/yoast.com\/wordpress\/plugins\/seo\/ -->\n<title>Niederdruck Gie\u00dfanlagen: | SPS - we are automation<\/title>\n<meta name=\"robots\" content=\"index, follow, max-snippet:-1, max-image-preview:large, max-video-preview:-1\" \/>\n<link rel=\"canonical\" href=\"https:\/\/www.sps.at\/de\/niederdruck-giessanlagen\/\" \/>\n<meta property=\"og:locale\" content=\"de_DE\" \/>\n<meta property=\"og:type\" content=\"article\" \/>\n<meta property=\"og:title\" content=\"Niederdruck Gie\u00dfanlagen: | SPS - we are automation\" \/>\n<meta property=\"og:description\" content=\"Niederdruckgie\u00dfanlagen speziell auf Kundenw\u00fcnsche gefertigt.\" \/>\n<meta property=\"og:url\" content=\"https:\/\/www.sps.at\/de\/niederdruck-giessanlagen\/\" \/>\n<meta property=\"og:site_name\" content=\"SPS - we are automation\" \/>\n<meta property=\"article:publisher\" content=\"https:\/\/www.facebook.com\/SPSGruppe\" \/>\n<meta property=\"article:modified_time\" content=\"2019-12-12T13:16:54+00:00\" \/>\n<meta name=\"twitter:card\" content=\"summary_large_image\" \/>\n<script type=\"application\/ld+json\" class=\"yoast-schema-graph\">{\"@context\":\"https:\/\/schema.org\",\"@graph\":[{\"@type\":\"WebPage\",\"@id\":\"https:\/\/www.sps.at\/de\/niederdruck-giessanlagen\/\",\"url\":\"https:\/\/www.sps.at\/de\/niederdruck-giessanlagen\/\",\"name\":\"Niederdruck Gie\u00dfanlagen: | SPS - we are automation\",\"isPartOf\":{\"@id\":\"https:\/\/www.sps.at\/de\/#website\"},\"datePublished\":\"2019-12-01T13:47:16+00:00\",\"dateModified\":\"2019-12-12T13:16:54+00:00\",\"breadcrumb\":{\"@id\":\"https:\/\/www.sps.at\/de\/niederdruck-giessanlagen\/#breadcrumb\"},\"inLanguage\":\"de\",\"potentialAction\":[{\"@type\":\"ReadAction\",\"target\":[\"https:\/\/www.sps.at\/de\/niederdruck-giessanlagen\/\"]}]},{\"@type\":\"BreadcrumbList\",\"@id\":\"https:\/\/www.sps.at\/de\/niederdruck-giessanlagen\/#breadcrumb\",\"itemListElement\":[{\"@type\":\"ListItem\",\"position\":1,\"name\":\"Startseite\",\"item\":\"https:\/\/www.sps.at\/de\/\"},{\"@type\":\"ListItem\",\"position\":2,\"name\":\"Niederdruck Gie\u00dfanlagen:\"}]},{\"@type\":\"WebSite\",\"@id\":\"https:\/\/www.sps.at\/de\/#website\",\"url\":\"https:\/\/www.sps.at\/de\/\",\"name\":\"SPS - we are automation\",\"description\":\"\",\"publisher\":{\"@id\":\"https:\/\/www.sps.at\/de\/#organization\"},\"potentialAction\":[{\"@type\":\"SearchAction\",\"target\":{\"@type\":\"EntryPoint\",\"urlTemplate\":\"https:\/\/www.sps.at\/de\/?s={search_term_string}\"},\"query-input\":\"required name=search_term_string\"}],\"inLanguage\":\"de\"},{\"@type\":\"Organization\",\"@id\":\"https:\/\/www.sps.at\/de\/#organization\",\"name\":\"SPS Technik Ges.m.b.H\",\"url\":\"https:\/\/www.sps.at\/de\/\",\"logo\":{\"@type\":\"ImageObject\",\"inLanguage\":\"de\",\"@id\":\"https:\/\/www.sps.at\/de\/#\/schema\/logo\/image\/\",\"url\":\"https:\/\/www.sps.at\/de\/wp-content\/uploads\/2019\/05\/logo-sps-rs.png\",\"contentUrl\":\"https:\/\/www.sps.at\/de\/wp-content\/uploads\/2019\/05\/logo-sps-rs.png\",\"width\":488,\"height\":212,\"caption\":\"SPS Technik Ges.m.b.H\"},\"image\":{\"@id\":\"https:\/\/www.sps.at\/de\/#\/schema\/logo\/image\/\"},\"sameAs\":[\"https:\/\/www.facebook.com\/SPSGruppe\",\"https:\/\/www.instagram.com\/spsgruppe\/\",\"https:\/\/www.linkedin.com\/company\/sps-gruppe\",\"https:\/\/www.youtube.com\/user\/spstechnik\"]}]}<\/script>\n<!-- \/ Yoast SEO plugin. -->","yoast_head_json":{"title":"Niederdruck Gie\u00dfanlagen: | SPS - we are automation","robots":{"index":"index","follow":"follow","max-snippet":"max-snippet:-1","max-image-preview":"max-image-preview:large","max-video-preview":"max-video-preview:-1"},"canonical":"https:\/\/www.sps.at\/de\/niederdruck-giessanlagen\/","og_locale":"de_DE","og_type":"article","og_title":"Niederdruck Gie\u00dfanlagen: | SPS - we are automation","og_description":"Niederdruckgie\u00dfanlagen speziell auf Kundenw\u00fcnsche gefertigt.","og_url":"https:\/\/www.sps.at\/de\/niederdruck-giessanlagen\/","og_site_name":"SPS - we are automation","article_publisher":"https:\/\/www.facebook.com\/SPSGruppe","article_modified_time":"2019-12-12T13:16:54+00:00","twitter_card":"summary_large_image","schema":{"@context":"https:\/\/schema.org","@graph":[{"@type":"WebPage","@id":"https:\/\/www.sps.at\/de\/niederdruck-giessanlagen\/","url":"https:\/\/www.sps.at\/de\/niederdruck-giessanlagen\/","name":"Niederdruck Gie\u00dfanlagen: | SPS - we are automation","isPartOf":{"@id":"https:\/\/www.sps.at\/de\/#website"},"datePublished":"2019-12-01T13:47:16+00:00","dateModified":"2019-12-12T13:16:54+00:00","breadcrumb":{"@id":"https:\/\/www.sps.at\/de\/niederdruck-giessanlagen\/#breadcrumb"},"inLanguage":"de","potentialAction":[{"@type":"ReadAction","target":["https:\/\/www.sps.at\/de\/niederdruck-giessanlagen\/"]}]},{"@type":"BreadcrumbList","@id":"https:\/\/www.sps.at\/de\/niederdruck-giessanlagen\/#breadcrumb","itemListElement":[{"@type":"ListItem","position":1,"name":"Startseite","item":"https:\/\/www.sps.at\/de\/"},{"@type":"ListItem","position":2,"name":"Niederdruck Gie\u00dfanlagen:"}]},{"@type":"WebSite","@id":"https:\/\/www.sps.at\/de\/#website","url":"https:\/\/www.sps.at\/de\/","name":"SPS - we are automation","description":"","publisher":{"@id":"https:\/\/www.sps.at\/de\/#organization"},"potentialAction":[{"@type":"SearchAction","target":{"@type":"EntryPoint","urlTemplate":"https:\/\/www.sps.at\/de\/?s={search_term_string}"},"query-input":"required name=search_term_string"}],"inLanguage":"de"},{"@type":"Organization","@id":"https:\/\/www.sps.at\/de\/#organization","name":"SPS Technik Ges.m.b.H","url":"https:\/\/www.sps.at\/de\/","logo":{"@type":"ImageObject","inLanguage":"de","@id":"https:\/\/www.sps.at\/de\/#\/schema\/logo\/image\/","url":"https:\/\/www.sps.at\/de\/wp-content\/uploads\/2019\/05\/logo-sps-rs.png","contentUrl":"https:\/\/www.sps.at\/de\/wp-content\/uploads\/2019\/05\/logo-sps-rs.png","width":488,"height":212,"caption":"SPS Technik Ges.m.b.H"},"image":{"@id":"https:\/\/www.sps.at\/de\/#\/schema\/logo\/image\/"},"sameAs":["https:\/\/www.facebook.com\/SPSGruppe","https:\/\/www.instagram.com\/spsgruppe\/","https:\/\/www.linkedin.com\/company\/sps-gruppe","https:\/\/www.youtube.com\/user\/spstechnik"]}]}},"_links":{"self":[{"href":"https:\/\/www.sps.at\/de\/wp-json\/wp\/v2\/pages\/1638"}],"collection":[{"href":"https:\/\/www.sps.at\/de\/wp-json\/wp\/v2\/pages"}],"about":[{"href":"https:\/\/www.sps.at\/de\/wp-json\/wp\/v2\/types\/page"}],"author":[{"embeddable":true,"href":"https:\/\/www.sps.at\/de\/wp-json\/wp\/v2\/users\/2"}],"replies":[{"embeddable":true,"href":"https:\/\/www.sps.at\/de\/wp-json\/wp\/v2\/comments?post=1638"}],"version-history":[{"count":1,"href":"https:\/\/www.sps.at\/de\/wp-json\/wp\/v2\/pages\/1638\/revisions"}],"predecessor-version":[{"id":2104,"href":"https:\/\/www.sps.at\/de\/wp-json\/wp\/v2\/pages\/1638\/revisions\/2104"}],"wp:attachment":[{"href":"https:\/\/www.sps.at\/de\/wp-json\/wp\/v2\/media?parent=1638"}],"curies":[{"name":"wp","href":"https:\/\/api.w.org\/{rel}","templated":true}]}}